{"id":1837,"date":"2021-06-01T08:57:59","date_gmt":"2021-06-01T08:57:59","guid":{"rendered":"https:\/\/opengallery.lt\/produktas\/marshmallow-pullover-p-atlikejas-ir-k-atlikejas-labai-labai-ilgas-kurinio-pavadinimas\/"},"modified":"2021-06-01T08:57:59","modified_gmt":"2021-06-01T08:57:59","slug":"marshmallow-pullover-p-atlikejas-ir-k-atlikejas-labai-labai-ilgas-kurinio-pavadinimas","status":"publish","type":"product","link":"https:\/\/opengallery.lt\/en\/produktas\/marshmallow-pullover-p-atlikejas-ir-k-atlikejas-labai-labai-ilgas-kurinio-pavadinimas\/","title":{"rendered":"Marshmallow Pullover (P. Atlik\u0117jas ir K. Atlik\u0117jas &#8220;Labai labai ilgas k\u016brinio pavadinimas)"},"content":{"rendered":"<p>Your go-to pullover no matter who you are, where you\u2019re from and what you\u2019re up to.<\/p>\n<p>Marshmallow Pullover is made from neoprene and has a slightly oversized fit.<\/p>\n<p>&#8211; Simple round neck<br \/>\n&#8211; long sleeves<br \/>\n&#8211; side pockets<br \/>\n&#8211; unique print design<br \/>\n&#8211; cosy feeling<br \/>\n&#8211; custom design if needed<\/p>\n<p>Size description (hips measurements);<\/p>\n<p>XS\/S \u2013 90cm \u2013 95cm<br \/>\nS\/M- 96 cm \u2013 105 cm<br \/>\nM\/L \u2013 106 cm \u2013 120 cm<br \/>\nL\/XL \u2013 121 cm \u2013 \u00a0130 cm<\/p>\n","protected":false},"excerpt":{"rendered":"<p>Your go-to pullover no matter who you are, where you\u2019re from and what you\u2019re up to. Marshmallow Pullover is made from neoprene and has a slightly oversized fit. &#8211; Simple round neck &#8211; long sleeves &#8211; side pockets &#8211; unique print design &#8211; cosy feeling &#8211; custom design if needed Size description (hips measurements); XS\/S [&#8230;]\n","protected":false},"featured_media":1800,"comment_status":"closed","ping_status":"closed","template":"","meta":{"inline_featured_image":false},"product_cat":[27],"product_tag":[],"_links":{"self":[{"href":"https:\/\/opengallery.lt\/en\/wp-json\/wp\/v2\/product\/1837"}],"collection":[{"href":"https:\/\/opengallery.lt\/en\/wp-json\/wp\/v2\/product"}],"about":[{"href":"https:\/\/opengallery.lt\/en\/wp-json\/wp\/v2\/types\/product"}],"replies":[{"embeddable":true,"href":"https:\/\/opengallery.lt\/en\/wp-json\/wp\/v2\/comments?post=1837"}],"wp:featuredmedia":[{"embeddable":true,"href":"https:\/\/opengallery.lt\/en\/wp-json\/wp\/v2\/media\/1800"}],"wp:attachment":[{"href":"https:\/\/opengallery.lt\/en\/wp-json\/wp\/v2\/media?parent=1837"}],"wp:term":[{"taxonomy":"product_cat","embeddable":true,"href":"https:\/\/opengallery.lt\/en\/wp-json\/wp\/v2\/product_cat?post=1837"},{"taxonomy":"product_tag","embeddable":true,"href":"https:\/\/opengallery.lt\/en\/wp-json\/wp\/v2\/product_tag?post=1837"}],"curies":[{"name":"wp","href":"https:\/\/api.w.org\/{rel}","templated":true}]}}